{"id":292,"date":"2023-08-07T09:18:23","date_gmt":"2023-08-07T09:18:23","guid":{"rendered":"https:\/\/www.magemonkeys.com\/de\/?page_id=292"},"modified":"2025-04-28T09:49:41","modified_gmt":"2025-04-28T09:49:41","slug":"magento-marktplatz","status":"publish","type":"page","link":"https:\/\/www.magemonkeys.com\/de\/magento-marktplatz\/","title":{"rendered":"Magento <span>Marktplatz<\/span>"},"content":{"rendered":"<p>Mage Monkeys ist weltweit f\u00fchrender Dienstleister f\u00fcr die Entwicklung von Magento-Marktpl\u00e4tzen. Wir bieten Dienstleistungen an, die unseren Kunden helfen, ihren Magento-Shop in einen erfolgreichen Online-Marktplatz wie Amazon zu verwandeln.<\/p>\n","protected":false},"excerpt":{"rendered":"<p>Mage Monkeys ist weltweit f\u00fchrender Dienstleister f\u00fcr die Entwicklung von Magento-Marktpl\u00e4tzen. Wir bieten Dienstleistungen an, die unseren Kunden helfen, ihren Magento-Shop in einen erfolgreichen Online-Marktplatz wie Amazon zu verwandeln.<\/p>\n","protected":false},"author":1,"featured_media":0,"parent":0,"menu_order":0,"comment_status":"closed","ping_status":"closed","template":"templates\/magento-marketplace.php","meta":{"_monsterinsights_skip_tracking":false,"_monsterinsights_sitenote_active":false,"_monsterinsights_sitenote_note":"","_monsterinsights_sitenote_category":0,"_uf_show_specific_survey":0,"_uf_disable_surveys":false,"footnotes":""},"class_list":["post-292","page","type-page","status-publish","hentry"],"acf":[],"aioseo_notices":[],"_links":{"self":[{"href":"https:\/\/www.magemonkeys.com\/de\/wp-json\/wp\/v2\/pages\/292","targetHints":{"allow":["GET"]}}],"collection":[{"href":"https:\/\/www.magemonkeys.com\/de\/wp-json\/wp\/v2\/pages"}],"about":[{"href":"https:\/\/www.magemonkeys.com\/de\/wp-json\/wp\/v2\/types\/page"}],"author":[{"embeddable":true,"href":"https:\/\/www.magemonkeys.com\/de\/wp-json\/wp\/v2\/users\/1"}],"replies":[{"embeddable":true,"href":"https:\/\/www.magemonkeys.com\/de\/wp-json\/wp\/v2\/comments?post=292"}],"version-history":[{"count":6,"href":"https:\/\/www.magemonkeys.com\/de\/wp-json\/wp\/v2\/pages\/292\/revisions"}],"predecessor-version":[{"id":3286,"href":"https:\/\/www.magemonkeys.com\/de\/wp-json\/wp\/v2\/pages\/292\/revisions\/3286"}],"wp:attachment":[{"href":"https:\/\/www.magemonkeys.com\/de\/wp-json\/wp\/v2\/media?parent=292"}],"curies":[{"name":"wp","href":"https:\/\/api.w.org\/{rel}","templated":true}]}}